{"id":10654,"date":"2025-07-01T13:50:46","date_gmt":"2025-07-01T11:50:46","guid":{"rendered":"https:\/\/nws.setram.com\/thank-you-for-subscribing\/"},"modified":"2025-12-18T17:49:23","modified_gmt":"2025-12-18T16:49:23","slug":"thank-you-for-subscribing","status":"publish","type":"page","link":"https:\/\/www.setram.com\/en\/thank-you-for-subscribing\/","title":{"rendered":"Thank you for subscribing"},"content":{"rendered":"\t\t<div data-elementor-type=\"wp-page\" data-elementor-id=\"10654\" class=\"elementor elementor-10654 elementor-1099\" data-elementor-post-type=\"page\">\n\t\t\t\t<div class=\"elementor-element elementor-element-c48ecd6 e-con-full e-flex e-con e-parent\" data-id=\"c48ecd6\" data-element_type=\"container\" data-e-type=\"container\" data-settings=\"{&quot;background_background&quot;:&quot;classic&quot;}\">\n\t\t\t\t<div class=\"elementor-element elementor-element-29a5f27 elementor-widget-tablet__width-inherit elementor-widget-mobile__width-inherit elementor-widget elementor-widget-heading\" data-id=\"29a5f27\" data-element_type=\"widget\" data-e-type=\"widget\" data-widget_type=\"heading.default\">\n\t\t\t\t<div class=\"elementor-widget-container\">\n\t\t\t\t\t<h1 class=\"elementor-heading-title elementor-size-default\">Thanks for subscribing!<\/h1>\t\t\t\t<\/div>\n\t\t\t\t<\/div>\n\t\t\t\t<div class=\"elementor-element elementor-element-41dd1da elementor-widget__width-initial elementor-widget-tablet__width-inherit elementor-widget-mobile__width-inherit elementor-widget elementor-widget-text-editor\" data-id=\"41dd1da\" data-element_type=\"widget\" data-e-type=\"widget\" data-widget_type=\"text-editor.default\">\n\t\t\t\t<div class=\"elementor-widget-container\">\n\t\t\t\t\t\t\t\t\t<p>We have received your subscription and you are now part of our community.<br>Very soon you will start receiving our news, updates and exclusive content directly in your inbox.<\/p>\t\t\t\t\t\t\t\t<\/div>\n\t\t\t\t<\/div>\n\t\t\t\t<div class=\"elementor-element elementor-element-36090a8 elementor-mobile-align-justify elementor-widget-mobile__width-initial elementor-align-center elementor-widget__width-initial elementor-widget elementor-widget-button\" data-id=\"36090a8\" data-element_type=\"widget\" data-e-type=\"widget\" data-widget_type=\"button.default\">\n\t\t\t\t<div class=\"elementor-widget-container\">\n\t\t\t\t\t\t\t\t\t<div class=\"elementor-button-wrapper\">\n\t\t\t\t\t<a class=\"elementor-button elementor-button-link elementor-size-sm\" href=\"https:\/\/www.setram.com\/en\/\">\n\t\t\t\t\t\t<span class=\"elementor-button-content-wrapper\">\n\t\t\t\t\t\t\t\t\t<span class=\"elementor-button-text\">Continue browsing<\/span>\n\t\t\t\t\t<\/span>\n\t\t\t\t\t<\/a>\n\t\t\t\t<\/div>\n\t\t\t\t\t\t\t\t<\/div>\n\t\t\t\t<\/div>\n\t\t\t\t<\/div>\n\t\t\t\t<\/div>\n\t\t","protected":false},"excerpt":{"rendered":"<p>Thanks for subscribing! We have received your subscription and you are now part of our community.Very soon you will start receiving our news, updates and exclusive content directly in your inbox. Continue browsing<\/p>\n","protected":false},"author":3,"featured_media":0,"parent":0,"menu_order":0,"comment_status":"closed","ping_status":"closed","template":"elementor_canvas","meta":{"_acf_changed":false,"_yoast_wpseo_title":"","_yoast_wpseo_metadesc":"","footnotes":""},"class_list":["post-10654","page","type-page","status-publish","hentry"],"acf":[],"yoast_head":"<!-- This site is optimized with the Yoast SEO plugin v27.5 - https:\/\/yoast.com\/product\/yoast-seo-wordpress\/ -->\n<title>Thank you for subscribing - Log\u00edstica Automoci\u00f3n &amp; Campas Veh\u00edculos | SETRAM<\/title>\n<meta name=\"robots\" content=\"index, follow, max-snippet:-1, max-image-preview:large, max-video-preview:-1\" \/>\n<link rel=\"canonical\" href=\"https:\/\/www.setram.com\/en\/thank-you-for-subscribing\/\" \/>\n<meta property=\"og:locale\" content=\"en_US\" \/>\n<meta property=\"og:type\" content=\"article\" \/>\n<meta property=\"og:title\" content=\"Thank you for subscribing - Log\u00edstica Automoci\u00f3n &amp; Campas Veh\u00edculos | SETRAM\" \/>\n<meta property=\"og:description\" content=\"Thanks for subscribing! We have received your subscription and you are now part of our community.Very soon you will start receiving our news, updates and exclusive content directly in your inbox. Continue browsing\" \/>\n<meta property=\"og:url\" content=\"https:\/\/www.setram.com\/en\/thank-you-for-subscribing\/\" \/>\n<meta property=\"og:site_name\" content=\"Log\u00edstica Automoci\u00f3n &amp; Campas Veh\u00edculos | SETRAM\" \/>\n<meta property=\"article:modified_time\" content=\"2025-12-18T16:49:23+00:00\" \/>\n<meta name=\"twitter:card\" content=\"summary_large_image\" \/>\n<meta name=\"twitter:site\" content=\"@_setram\" \/>\n<script type=\"application\/ld+json\" class=\"yoast-schema-graph\">{\"@context\":\"https:\\\/\\\/schema.org\",\"@graph\":[{\"@type\":\"WebPage\",\"@id\":\"https:\\\/\\\/www.setram.com\\\/en\\\/thank-you-for-subscribing\\\/\",\"url\":\"https:\\\/\\\/www.setram.com\\\/en\\\/thank-you-for-subscribing\\\/\",\"name\":\"Thank you for subscribing - Log\u00edstica Automoci\u00f3n &amp; Campas Veh\u00edculos | SETRAM\",\"isPartOf\":{\"@id\":\"https:\\\/\\\/www.setram.com\\\/en\\\/#website\"},\"datePublished\":\"2025-07-01T11:50:46+00:00\",\"dateModified\":\"2025-12-18T16:49:23+00:00\",\"breadcrumb\":{\"@id\":\"https:\\\/\\\/www.setram.com\\\/en\\\/thank-you-for-subscribing\\\/#breadcrumb\"},\"inLanguage\":\"en-US\",\"potentialAction\":[{\"@type\":\"ReadAction\",\"target\":[\"https:\\\/\\\/www.setram.com\\\/en\\\/thank-you-for-subscribing\\\/\"]}]},{\"@type\":\"BreadcrumbList\",\"@id\":\"https:\\\/\\\/www.setram.com\\\/en\\\/thank-you-for-subscribing\\\/#breadcrumb\",\"itemListElement\":[{\"@type\":\"ListItem\",\"position\":1,\"name\":\"Portada\",\"item\":\"https:\\\/\\\/www.setram.com\\\/en\\\/\"},{\"@type\":\"ListItem\",\"position\":2,\"name\":\"Thank you for subscribing\"}]},{\"@type\":\"WebSite\",\"@id\":\"https:\\\/\\\/www.setram.com\\\/en\\\/#website\",\"url\":\"https:\\\/\\\/www.setram.com\\\/en\\\/\",\"name\":\"Log\u00edstica Automoci\u00f3n & Campas Veh\u00edculos | SETRAM\",\"description\":\"Operador Multimodal especializado en Log\u00edstica de Automoci\u00f3n con certificado Ambiental ISO. Comprometidos con el medio ambiente gracias a su gesti\u00f3n energ\u00e9tica.\",\"publisher\":{\"@id\":\"https:\\\/\\\/www.setram.com\\\/en\\\/#organization\"},\"potentialAction\":[{\"@type\":\"SearchAction\",\"target\":{\"@type\":\"EntryPoint\",\"urlTemplate\":\"https:\\\/\\\/www.setram.com\\\/en\\\/?s={search_term_string}\"},\"query-input\":{\"@type\":\"PropertyValueSpecification\",\"valueRequired\":true,\"valueName\":\"search_term_string\"}}],\"inLanguage\":\"en-US\"},{\"@type\":\"Organization\",\"@id\":\"https:\\\/\\\/www.setram.com\\\/en\\\/#organization\",\"name\":\"Log\u00edstica Automoci\u00f3n & Campas Veh\u00edculos | SETRAM\",\"url\":\"https:\\\/\\\/www.setram.com\\\/en\\\/\",\"logo\":{\"@type\":\"ImageObject\",\"inLanguage\":\"en-US\",\"@id\":\"https:\\\/\\\/www.setram.com\\\/en\\\/#\\\/schema\\\/logo\\\/image\\\/\",\"url\":\"https:\\\/\\\/www.setram.com\\\/wp-content\\\/uploads\\\/2025\\\/05\\\/logo-setram.jpg\",\"contentUrl\":\"https:\\\/\\\/www.setram.com\\\/wp-content\\\/uploads\\\/2025\\\/05\\\/logo-setram.jpg\",\"width\":484,\"height\":107,\"caption\":\"Log\u00edstica Automoci\u00f3n & Campas Veh\u00edculos | SETRAM\"},\"image\":{\"@id\":\"https:\\\/\\\/www.setram.com\\\/en\\\/#\\\/schema\\\/logo\\\/image\\\/\"},\"sameAs\":[\"https:\\\/\\\/x.com\\\/_setram\",\"https:\\\/\\\/www.linkedin.com\\\/company\\\/setram-s-a-\",\"https:\\\/\\\/www.youtube.com\\\/channel\\\/UC5j125Vd5dvi3ZCfMXBgNzg\"]}]}<\/script>\n<!-- \/ Yoast SEO plugin. -->","yoast_head_json":{"title":"Thank you for subscribing - Log\u00edstica Automoci\u00f3n &amp; Campas Veh\u00edculos | SETRAM","robots":{"index":"index","follow":"follow","max-snippet":"max-snippet:-1","max-image-preview":"max-image-preview:large","max-video-preview":"max-video-preview:-1"},"canonical":"https:\/\/www.setram.com\/en\/thank-you-for-subscribing\/","og_locale":"en_US","og_type":"article","og_title":"Thank you for subscribing - Log\u00edstica Automoci\u00f3n &amp; Campas Veh\u00edculos | SETRAM","og_description":"Thanks for subscribing! We have received your subscription and you are now part of our community.Very soon you will start receiving our news, updates and exclusive content directly in your inbox. Continue browsing","og_url":"https:\/\/www.setram.com\/en\/thank-you-for-subscribing\/","og_site_name":"Log\u00edstica Automoci\u00f3n &amp; Campas Veh\u00edculos | SETRAM","article_modified_time":"2025-12-18T16:49:23+00:00","twitter_card":"summary_large_image","twitter_site":"@_setram","schema":{"@context":"https:\/\/schema.org","@graph":[{"@type":"WebPage","@id":"https:\/\/www.setram.com\/en\/thank-you-for-subscribing\/","url":"https:\/\/www.setram.com\/en\/thank-you-for-subscribing\/","name":"Thank you for subscribing - Log\u00edstica Automoci\u00f3n &amp; Campas Veh\u00edculos | SETRAM","isPartOf":{"@id":"https:\/\/www.setram.com\/en\/#website"},"datePublished":"2025-07-01T11:50:46+00:00","dateModified":"2025-12-18T16:49:23+00:00","breadcrumb":{"@id":"https:\/\/www.setram.com\/en\/thank-you-for-subscribing\/#breadcrumb"},"inLanguage":"en-US","potentialAction":[{"@type":"ReadAction","target":["https:\/\/www.setram.com\/en\/thank-you-for-subscribing\/"]}]},{"@type":"BreadcrumbList","@id":"https:\/\/www.setram.com\/en\/thank-you-for-subscribing\/#breadcrumb","itemListElement":[{"@type":"ListItem","position":1,"name":"Portada","item":"https:\/\/www.setram.com\/en\/"},{"@type":"ListItem","position":2,"name":"Thank you for subscribing"}]},{"@type":"WebSite","@id":"https:\/\/www.setram.com\/en\/#website","url":"https:\/\/www.setram.com\/en\/","name":"Log\u00edstica Automoci\u00f3n & Campas Veh\u00edculos | SETRAM","description":"Operador Multimodal especializado en Log\u00edstica de Automoci\u00f3n con certificado Ambiental ISO. Comprometidos con el medio ambiente gracias a su gesti\u00f3n energ\u00e9tica.","publisher":{"@id":"https:\/\/www.setram.com\/en\/#organization"},"potentialAction":[{"@type":"SearchAction","target":{"@type":"EntryPoint","urlTemplate":"https:\/\/www.setram.com\/en\/?s={search_term_string}"},"query-input":{"@type":"PropertyValueSpecification","valueRequired":true,"valueName":"search_term_string"}}],"inLanguage":"en-US"},{"@type":"Organization","@id":"https:\/\/www.setram.com\/en\/#organization","name":"Log\u00edstica Automoci\u00f3n & Campas Veh\u00edculos | SETRAM","url":"https:\/\/www.setram.com\/en\/","logo":{"@type":"ImageObject","inLanguage":"en-US","@id":"https:\/\/www.setram.com\/en\/#\/schema\/logo\/image\/","url":"https:\/\/www.setram.com\/wp-content\/uploads\/2025\/05\/logo-setram.jpg","contentUrl":"https:\/\/www.setram.com\/wp-content\/uploads\/2025\/05\/logo-setram.jpg","width":484,"height":107,"caption":"Log\u00edstica Automoci\u00f3n & Campas Veh\u00edculos | SETRAM"},"image":{"@id":"https:\/\/www.setram.com\/en\/#\/schema\/logo\/image\/"},"sameAs":["https:\/\/x.com\/_setram","https:\/\/www.linkedin.com\/company\/setram-s-a-","https:\/\/www.youtube.com\/channel\/UC5j125Vd5dvi3ZCfMXBgNzg"]}]}},"_links":{"self":[{"href":"https:\/\/www.setram.com\/en\/wp-json\/wp\/v2\/pages\/10654","targetHints":{"allow":["GET"]}}],"collection":[{"href":"https:\/\/www.setram.com\/en\/wp-json\/wp\/v2\/pages"}],"about":[{"href":"https:\/\/www.setram.com\/en\/wp-json\/wp\/v2\/types\/page"}],"author":[{"embeddable":true,"href":"https:\/\/www.setram.com\/en\/wp-json\/wp\/v2\/users\/3"}],"replies":[{"embeddable":true,"href":"https:\/\/www.setram.com\/en\/wp-json\/wp\/v2\/comments?post=10654"}],"version-history":[{"count":3,"href":"https:\/\/www.setram.com\/en\/wp-json\/wp\/v2\/pages\/10654\/revisions"}],"predecessor-version":[{"id":10683,"href":"https:\/\/www.setram.com\/en\/wp-json\/wp\/v2\/pages\/10654\/revisions\/10683"}],"wp:attachment":[{"href":"https:\/\/www.setram.com\/en\/wp-json\/wp\/v2\/media?parent=10654"}],"curies":[{"name":"wp","href":"https:\/\/api.w.org\/{rel}","templated":true}]}}