{"id":10655,"date":"2025-07-01T11:12:20","date_gmt":"2025-07-01T09:12:20","guid":{"rendered":"https:\/\/nws.setram.com\/supplier-code-of-conduct\/"},"modified":"2026-03-02T11:48:49","modified_gmt":"2026-03-02T10:48:49","slug":"supplier-code-of-conduct","status":"publish","type":"page","link":"https:\/\/www.setram.com\/en\/supplier-code-of-conduct\/","title":{"rendered":"Supplier Code of Conduct"},"content":{"rendered":"<p>At <strong>SETRAM<\/strong> we reaffirm our commitment to sustainability, respect for human rights, fair labor practices and compliance with ethical, legal and safety standards. Our Code of Conduct establishes the principles that should guide our relationship with suppliers to ensure responsible practices aligned with environmental, social and corporate standards, promoting transparency and long-term sustainable collaboration. Its compliance is mandatory to initiate or maintain business relationships with SETRAM.  <\/p>\n<p>The Supplier Code of Conduct is available at the following link.<\/p>\n<p><a href=\"https:\/\/www.setram.com\/wp-content\/uploads\/2025\/12\/CODIGO-DE-CONDUCTA-PARA-PROVEEDORES-modificacion-1.pdf\" target=\"_blank\" rel=\"noopener\">See code of conduct<\/a><\/p>\n","protected":false},"excerpt":{"rendered":"<p>At SETRAM we reaffirm our commitment to sustainability, respect for human rights, fair labor practices and compliance with ethical, legal and safety standards. Our Code of Conduct establishes the principles that should guide our relationship with suppliers to ensure responsible practices aligned with environmental, social and corporate standards, promoting transparency and long-term sustainable collaboration. Its [&hellip;]<\/p>\n","protected":false},"author":3,"featured_media":0,"parent":0,"menu_order":0,"comment_status":"closed","ping_status":"closed","template":"","meta":{"_acf_changed":false,"_yoast_wpseo_title":"","_yoast_wpseo_metadesc":"","footnotes":""},"class_list":["post-10655","page","type-page","status-publish","hentry"],"acf":[],"yoast_head":"<!-- This site is optimized with the Yoast SEO plugin v27.5 - https:\/\/yoast.com\/product\/yoast-seo-wordpress\/ -->\n<title>Supplier Code of Conduct - Log\u00edstica Automoci\u00f3n &amp; Campas Veh\u00edculos | SETRAM<\/title>\n<meta name=\"robots\" content=\"index, follow, max-snippet:-1, max-image-preview:large, max-video-preview:-1\" \/>\n<link rel=\"canonical\" href=\"https:\/\/www.setram.com\/en\/supplier-code-of-conduct\/\" \/>\n<meta property=\"og:locale\" content=\"en_US\" \/>\n<meta property=\"og:type\" content=\"article\" \/>\n<meta property=\"og:title\" content=\"Supplier Code of Conduct - Log\u00edstica Automoci\u00f3n &amp; Campas Veh\u00edculos | SETRAM\" \/>\n<meta property=\"og:description\" content=\"At SETRAM we reaffirm our commitment to sustainability, respect for human rights, fair labor practices and compliance with ethical, legal and safety standards. Our Code of Conduct establishes the principles that should guide our relationship with suppliers to ensure responsible practices aligned with environmental, social and corporate standards, promoting transparency and long-term sustainable collaboration. Its [&hellip;]\" \/>\n<meta property=\"og:url\" content=\"https:\/\/www.setram.com\/en\/supplier-code-of-conduct\/\" \/>\n<meta property=\"og:site_name\" content=\"Log\u00edstica Automoci\u00f3n &amp; Campas Veh\u00edculos | SETRAM\" \/>\n<meta property=\"article:modified_time\" content=\"2026-03-02T10:48:49+00:00\" \/>\n<meta name=\"twitter:card\" content=\"summary_large_image\" \/>\n<meta name=\"twitter:site\" content=\"@_setram\" \/>\n<script type=\"application\/ld+json\" class=\"yoast-schema-graph\">{\"@context\":\"https:\\\/\\\/schema.org\",\"@graph\":[{\"@type\":\"WebPage\",\"@id\":\"https:\\\/\\\/www.setram.com\\\/en\\\/supplier-code-of-conduct\\\/\",\"url\":\"https:\\\/\\\/www.setram.com\\\/en\\\/supplier-code-of-conduct\\\/\",\"name\":\"Supplier Code of Conduct - Log\u00edstica Automoci\u00f3n &amp; Campas Veh\u00edculos | SETRAM\",\"isPartOf\":{\"@id\":\"https:\\\/\\\/www.setram.com\\\/en\\\/#website\"},\"datePublished\":\"2025-07-01T09:12:20+00:00\",\"dateModified\":\"2026-03-02T10:48:49+00:00\",\"breadcrumb\":{\"@id\":\"https:\\\/\\\/www.setram.com\\\/en\\\/supplier-code-of-conduct\\\/#breadcrumb\"},\"inLanguage\":\"en-US\",\"potentialAction\":[{\"@type\":\"ReadAction\",\"target\":[\"https:\\\/\\\/www.setram.com\\\/en\\\/supplier-code-of-conduct\\\/\"]}]},{\"@type\":\"BreadcrumbList\",\"@id\":\"https:\\\/\\\/www.setram.com\\\/en\\\/supplier-code-of-conduct\\\/#breadcrumb\",\"itemListElement\":[{\"@type\":\"ListItem\",\"position\":1,\"name\":\"Portada\",\"item\":\"https:\\\/\\\/www.setram.com\\\/en\\\/\"},{\"@type\":\"ListItem\",\"position\":2,\"name\":\"Supplier Code of Conduct\"}]},{\"@type\":\"WebSite\",\"@id\":\"https:\\\/\\\/www.setram.com\\\/en\\\/#website\",\"url\":\"https:\\\/\\\/www.setram.com\\\/en\\\/\",\"name\":\"Log\u00edstica Automoci\u00f3n & Campas Veh\u00edculos | SETRAM\",\"description\":\"Operador Multimodal especializado en Log\u00edstica de Automoci\u00f3n con certificado Ambiental ISO. Comprometidos con el medio ambiente gracias a su gesti\u00f3n energ\u00e9tica.\",\"publisher\":{\"@id\":\"https:\\\/\\\/www.setram.com\\\/en\\\/#organization\"},\"potentialAction\":[{\"@type\":\"SearchAction\",\"target\":{\"@type\":\"EntryPoint\",\"urlTemplate\":\"https:\\\/\\\/www.setram.com\\\/en\\\/?s={search_term_string}\"},\"query-input\":{\"@type\":\"PropertyValueSpecification\",\"valueRequired\":true,\"valueName\":\"search_term_string\"}}],\"inLanguage\":\"en-US\"},{\"@type\":\"Organization\",\"@id\":\"https:\\\/\\\/www.setram.com\\\/en\\\/#organization\",\"name\":\"Log\u00edstica Automoci\u00f3n & Campas Veh\u00edculos | SETRAM\",\"url\":\"https:\\\/\\\/www.setram.com\\\/en\\\/\",\"logo\":{\"@type\":\"ImageObject\",\"inLanguage\":\"en-US\",\"@id\":\"https:\\\/\\\/www.setram.com\\\/en\\\/#\\\/schema\\\/logo\\\/image\\\/\",\"url\":\"https:\\\/\\\/www.setram.com\\\/wp-content\\\/uploads\\\/2025\\\/05\\\/logo-setram.jpg\",\"contentUrl\":\"https:\\\/\\\/www.setram.com\\\/wp-content\\\/uploads\\\/2025\\\/05\\\/logo-setram.jpg\",\"width\":484,\"height\":107,\"caption\":\"Log\u00edstica Automoci\u00f3n & Campas Veh\u00edculos | SETRAM\"},\"image\":{\"@id\":\"https:\\\/\\\/www.setram.com\\\/en\\\/#\\\/schema\\\/logo\\\/image\\\/\"},\"sameAs\":[\"https:\\\/\\\/x.com\\\/_setram\",\"https:\\\/\\\/www.linkedin.com\\\/company\\\/setram-s-a-\",\"https:\\\/\\\/www.youtube.com\\\/channel\\\/UC5j125Vd5dvi3ZCfMXBgNzg\"]}]}<\/script>\n<!-- \/ Yoast SEO plugin. -->","yoast_head_json":{"title":"Supplier Code of Conduct - Log\u00edstica Automoci\u00f3n &amp; Campas Veh\u00edculos | SETRAM","robots":{"index":"index","follow":"follow","max-snippet":"max-snippet:-1","max-image-preview":"max-image-preview:large","max-video-preview":"max-video-preview:-1"},"canonical":"https:\/\/www.setram.com\/en\/supplier-code-of-conduct\/","og_locale":"en_US","og_type":"article","og_title":"Supplier Code of Conduct - Log\u00edstica Automoci\u00f3n &amp; Campas Veh\u00edculos | SETRAM","og_description":"At SETRAM we reaffirm our commitment to sustainability, respect for human rights, fair labor practices and compliance with ethical, legal and safety standards. Our Code of Conduct establishes the principles that should guide our relationship with suppliers to ensure responsible practices aligned with environmental, social and corporate standards, promoting transparency and long-term sustainable collaboration. Its [&hellip;]","og_url":"https:\/\/www.setram.com\/en\/supplier-code-of-conduct\/","og_site_name":"Log\u00edstica Automoci\u00f3n &amp; Campas Veh\u00edculos | SETRAM","article_modified_time":"2026-03-02T10:48:49+00:00","twitter_card":"summary_large_image","twitter_site":"@_setram","schema":{"@context":"https:\/\/schema.org","@graph":[{"@type":"WebPage","@id":"https:\/\/www.setram.com\/en\/supplier-code-of-conduct\/","url":"https:\/\/www.setram.com\/en\/supplier-code-of-conduct\/","name":"Supplier Code of Conduct - Log\u00edstica Automoci\u00f3n &amp; Campas Veh\u00edculos | SETRAM","isPartOf":{"@id":"https:\/\/www.setram.com\/en\/#website"},"datePublished":"2025-07-01T09:12:20+00:00","dateModified":"2026-03-02T10:48:49+00:00","breadcrumb":{"@id":"https:\/\/www.setram.com\/en\/supplier-code-of-conduct\/#breadcrumb"},"inLanguage":"en-US","potentialAction":[{"@type":"ReadAction","target":["https:\/\/www.setram.com\/en\/supplier-code-of-conduct\/"]}]},{"@type":"BreadcrumbList","@id":"https:\/\/www.setram.com\/en\/supplier-code-of-conduct\/#breadcrumb","itemListElement":[{"@type":"ListItem","position":1,"name":"Portada","item":"https:\/\/www.setram.com\/en\/"},{"@type":"ListItem","position":2,"name":"Supplier Code of Conduct"}]},{"@type":"WebSite","@id":"https:\/\/www.setram.com\/en\/#website","url":"https:\/\/www.setram.com\/en\/","name":"Log\u00edstica Automoci\u00f3n & Campas Veh\u00edculos | SETRAM","description":"Operador Multimodal especializado en Log\u00edstica de Automoci\u00f3n con certificado Ambiental ISO. Comprometidos con el medio ambiente gracias a su gesti\u00f3n energ\u00e9tica.","publisher":{"@id":"https:\/\/www.setram.com\/en\/#organization"},"potentialAction":[{"@type":"SearchAction","target":{"@type":"EntryPoint","urlTemplate":"https:\/\/www.setram.com\/en\/?s={search_term_string}"},"query-input":{"@type":"PropertyValueSpecification","valueRequired":true,"valueName":"search_term_string"}}],"inLanguage":"en-US"},{"@type":"Organization","@id":"https:\/\/www.setram.com\/en\/#organization","name":"Log\u00edstica Automoci\u00f3n & Campas Veh\u00edculos | SETRAM","url":"https:\/\/www.setram.com\/en\/","logo":{"@type":"ImageObject","inLanguage":"en-US","@id":"https:\/\/www.setram.com\/en\/#\/schema\/logo\/image\/","url":"https:\/\/www.setram.com\/wp-content\/uploads\/2025\/05\/logo-setram.jpg","contentUrl":"https:\/\/www.setram.com\/wp-content\/uploads\/2025\/05\/logo-setram.jpg","width":484,"height":107,"caption":"Log\u00edstica Automoci\u00f3n & Campas Veh\u00edculos | SETRAM"},"image":{"@id":"https:\/\/www.setram.com\/en\/#\/schema\/logo\/image\/"},"sameAs":["https:\/\/x.com\/_setram","https:\/\/www.linkedin.com\/company\/setram-s-a-","https:\/\/www.youtube.com\/channel\/UC5j125Vd5dvi3ZCfMXBgNzg"]}]}},"_links":{"self":[{"href":"https:\/\/www.setram.com\/en\/wp-json\/wp\/v2\/pages\/10655","targetHints":{"allow":["GET"]}}],"collection":[{"href":"https:\/\/www.setram.com\/en\/wp-json\/wp\/v2\/pages"}],"about":[{"href":"https:\/\/www.setram.com\/en\/wp-json\/wp\/v2\/types\/page"}],"author":[{"embeddable":true,"href":"https:\/\/www.setram.com\/en\/wp-json\/wp\/v2\/users\/3"}],"replies":[{"embeddable":true,"href":"https:\/\/www.setram.com\/en\/wp-json\/wp\/v2\/comments?post=10655"}],"version-history":[{"count":2,"href":"https:\/\/www.setram.com\/en\/wp-json\/wp\/v2\/pages\/10655\/revisions"}],"predecessor-version":[{"id":11311,"href":"https:\/\/www.setram.com\/en\/wp-json\/wp\/v2\/pages\/10655\/revisions\/11311"}],"wp:attachment":[{"href":"https:\/\/www.setram.com\/en\/wp-json\/wp\/v2\/media?parent=10655"}],"curies":[{"name":"wp","href":"https:\/\/api.w.org\/{rel}","templated":true}]}}