{"id":10658,"date":"2025-09-01T16:45:14","date_gmt":"2025-09-01T14:45:14","guid":{"rendered":"https:\/\/nws.setram.com\/internal-information-system-siif\/"},"modified":"2025-12-18T17:49:05","modified_gmt":"2025-12-18T16:49:05","slug":"internal-information-system-siif","status":"publish","type":"page","link":"https:\/\/www.setram.com\/en\/internal-information-system-siif\/","title":{"rendered":"Internal Information System (SIIF)"},"content":{"rendered":"<p><strong>The SETRAM Group<\/strong> has implemented an <strong>Internal Information System (SIIF)<\/strong> that integrates its different internal information channels and is configured as the channel for diligently channeling communications on regulatory violations and non-compliance, with total protection of informants, without risk of retaliation and with the necessary protection measures in accordance with the provisions of <em>Law 2\/2023, of February 20, regulating the protection of persons who report regulatory violations and the fight against corruption.<\/em><\/p>\n<p>This system has two channels of communication that any informant can use as he\/she chooses:<\/p>\n<ul>\n<li><b>Digital<\/b>: through the following link <i><a href=\"https:\/\/corporate-line.com\/cnormativo-setram\" target=\"_blank\" rel=\"noopener\" data-saferedirecturl=\"https:\/\/www.google.com\/url?q=https:\/\/corporate-line.com\/cnormativo-setram&amp;source=gmail&amp;ust=1701444658454000&amp;usg=AOvVaw1i9X4oMrSKqhp5UGPlDv1U\">https:\/\/corporate-line.com\/<wbr><\/wbr>cnormativo-setram<\/a><\/i><\/li>\n<li><b>Face-to-face<\/b>: by selecting the option &#8220;Request for face-to-face interview&#8221; in the drop-down menu &#8220;Type of information&#8221; in section 2 &#8220;Communication&#8221; in the following link <i><a href=\"https:\/\/corporate-line.com\/cnormativo-setram\" target=\"_blank\" rel=\"noopener\" data-saferedirecturl=\"https:\/\/www.google.com\/url?q=https:\/\/corporate-line.com\/cnormativo-setram&amp;source=gmail&amp;ust=1701444658454000&amp;usg=AOvVaw1i9X4oMrSKqhp5UGPlDv1U\">https:\/\/corporate-line.com\/<wbr><\/wbr>cnormativo-setram<\/a><\/i><\/li>\n<\/ul>\n<p>All communications, regardless of the method selected, may be made anonymously by checking the &#8220;Anonymous User&#8221; box. In this case, it is recommended that the informant keep the tracking number in a safe place, as well as the downloadable document that appears in the pop-up window at the end of the entire process of your communication, otherwise, you will not be able to track it, since the tracking number is personal and non-transferable. <u><\/u><u><\/u><\/p>\n<p>The SIIF has all the necessary measures and mechanisms to provide security, confidentiality, data protection and protection to the informant, also counting on the initial management and support of the external expert <strong>BONET consulting<\/strong>, which provides high levels of professionalism, experience and independence to the whole process.<\/p>\n<p>The operating principles and fundamental guarantees that govern the SETRAM Group&#8217;s SIIF are available in the following document:<\/p>\n<p><a href=\"https:\/\/www.setram.com\/wp-content\/uploads\/2025\/12\/politica-siif-setram.pdf\" target=\"_blank\" rel=\"noopener\">INTERNAL INFORMATION SYSTEM MANAGEMENT AND WHISTLEBLOWER PROTECTION POLICY<\/a><\/p>\n","protected":false},"excerpt":{"rendered":"<p>The SETRAM Group has implemented an Internal Information System (SIIF) that integrates its different internal information channels and is configured as the channel for diligently channeling communications on regulatory violations and non-compliance, with total protection of informants, without risk of retaliation and with the necessary protection measures in accordance with the provisions of Law 2\/2023, [&hellip;]<\/p>\n","protected":false},"author":2,"featured_media":0,"parent":0,"menu_order":0,"comment_status":"closed","ping_status":"closed","template":"","meta":{"_acf_changed":false,"_yoast_wpseo_title":"","_yoast_wpseo_metadesc":"","footnotes":""},"class_list":["post-10658","page","type-page","status-publish","hentry"],"acf":[],"yoast_head":"<!-- This site is optimized with the Yoast SEO plugin v27.5 - https:\/\/yoast.com\/product\/yoast-seo-wordpress\/ -->\n<title>Internal Information System (SIIF) - Log\u00edstica Automoci\u00f3n &amp; Campas Veh\u00edculos | SETRAM<\/title>\n<meta name=\"robots\" content=\"index, follow, max-snippet:-1, max-image-preview:large, max-video-preview:-1\" \/>\n<link rel=\"canonical\" href=\"https:\/\/www.setram.com\/en\/internal-information-system-siif\/\" \/>\n<meta property=\"og:locale\" content=\"en_US\" \/>\n<meta property=\"og:type\" content=\"article\" \/>\n<meta property=\"og:title\" content=\"Internal Information System (SIIF) - Log\u00edstica Automoci\u00f3n &amp; Campas Veh\u00edculos | SETRAM\" \/>\n<meta property=\"og:description\" content=\"The SETRAM Group has implemented an Internal Information System (SIIF) that integrates its different internal information channels and is configured as the channel for diligently channeling communications on regulatory violations and non-compliance, with total protection of informants, without risk of retaliation and with the necessary protection measures in accordance with the provisions of Law 2\/2023, [&hellip;]\" \/>\n<meta property=\"og:url\" content=\"https:\/\/www.setram.com\/en\/internal-information-system-siif\/\" \/>\n<meta property=\"og:site_name\" content=\"Log\u00edstica Automoci\u00f3n &amp; Campas Veh\u00edculos | SETRAM\" \/>\n<meta property=\"article:modified_time\" content=\"2025-12-18T16:49:05+00:00\" \/>\n<meta name=\"twitter:card\" content=\"summary_large_image\" \/>\n<meta name=\"twitter:site\" content=\"@_setram\" \/>\n<meta name=\"twitter:label1\" content=\"Est. reading time\" \/>\n\t<meta name=\"twitter:data1\" content=\"1 minute\" \/>\n<script type=\"application\/ld+json\" class=\"yoast-schema-graph\">{\"@context\":\"https:\\\/\\\/schema.org\",\"@graph\":[{\"@type\":\"WebPage\",\"@id\":\"https:\\\/\\\/www.setram.com\\\/en\\\/internal-information-system-siif\\\/\",\"url\":\"https:\\\/\\\/www.setram.com\\\/en\\\/internal-information-system-siif\\\/\",\"name\":\"Internal Information System (SIIF) - Log\u00edstica Automoci\u00f3n &amp; Campas Veh\u00edculos | SETRAM\",\"isPartOf\":{\"@id\":\"https:\\\/\\\/www.setram.com\\\/en\\\/#website\"},\"datePublished\":\"2025-09-01T14:45:14+00:00\",\"dateModified\":\"2025-12-18T16:49:05+00:00\",\"breadcrumb\":{\"@id\":\"https:\\\/\\\/www.setram.com\\\/en\\\/internal-information-system-siif\\\/#breadcrumb\"},\"inLanguage\":\"en-US\",\"potentialAction\":[{\"@type\":\"ReadAction\",\"target\":[\"https:\\\/\\\/www.setram.com\\\/en\\\/internal-information-system-siif\\\/\"]}]},{\"@type\":\"BreadcrumbList\",\"@id\":\"https:\\\/\\\/www.setram.com\\\/en\\\/internal-information-system-siif\\\/#breadcrumb\",\"itemListElement\":[{\"@type\":\"ListItem\",\"position\":1,\"name\":\"Portada\",\"item\":\"https:\\\/\\\/www.setram.com\\\/en\\\/\"},{\"@type\":\"ListItem\",\"position\":2,\"name\":\"Internal Information System (SIIF)\"}]},{\"@type\":\"WebSite\",\"@id\":\"https:\\\/\\\/www.setram.com\\\/en\\\/#website\",\"url\":\"https:\\\/\\\/www.setram.com\\\/en\\\/\",\"name\":\"Log\u00edstica Automoci\u00f3n & Campas Veh\u00edculos | SETRAM\",\"description\":\"Operador Multimodal especializado en Log\u00edstica de Automoci\u00f3n con certificado Ambiental ISO. Comprometidos con el medio ambiente gracias a su gesti\u00f3n energ\u00e9tica.\",\"publisher\":{\"@id\":\"https:\\\/\\\/www.setram.com\\\/en\\\/#organization\"},\"potentialAction\":[{\"@type\":\"SearchAction\",\"target\":{\"@type\":\"EntryPoint\",\"urlTemplate\":\"https:\\\/\\\/www.setram.com\\\/en\\\/?s={search_term_string}\"},\"query-input\":{\"@type\":\"PropertyValueSpecification\",\"valueRequired\":true,\"valueName\":\"search_term_string\"}}],\"inLanguage\":\"en-US\"},{\"@type\":\"Organization\",\"@id\":\"https:\\\/\\\/www.setram.com\\\/en\\\/#organization\",\"name\":\"Log\u00edstica Automoci\u00f3n & Campas Veh\u00edculos | SETRAM\",\"url\":\"https:\\\/\\\/www.setram.com\\\/en\\\/\",\"logo\":{\"@type\":\"ImageObject\",\"inLanguage\":\"en-US\",\"@id\":\"https:\\\/\\\/www.setram.com\\\/en\\\/#\\\/schema\\\/logo\\\/image\\\/\",\"url\":\"https:\\\/\\\/www.setram.com\\\/wp-content\\\/uploads\\\/2025\\\/05\\\/logo-setram.jpg\",\"contentUrl\":\"https:\\\/\\\/www.setram.com\\\/wp-content\\\/uploads\\\/2025\\\/05\\\/logo-setram.jpg\",\"width\":484,\"height\":107,\"caption\":\"Log\u00edstica Automoci\u00f3n & Campas Veh\u00edculos | SETRAM\"},\"image\":{\"@id\":\"https:\\\/\\\/www.setram.com\\\/en\\\/#\\\/schema\\\/logo\\\/image\\\/\"},\"sameAs\":[\"https:\\\/\\\/x.com\\\/_setram\",\"https:\\\/\\\/www.linkedin.com\\\/company\\\/setram-s-a-\",\"https:\\\/\\\/www.youtube.com\\\/channel\\\/UC5j125Vd5dvi3ZCfMXBgNzg\"]}]}<\/script>\n<!-- \/ Yoast SEO plugin. -->","yoast_head_json":{"title":"Internal Information System (SIIF) - Log\u00edstica Automoci\u00f3n &amp; Campas Veh\u00edculos | SETRAM","robots":{"index":"index","follow":"follow","max-snippet":"max-snippet:-1","max-image-preview":"max-image-preview:large","max-video-preview":"max-video-preview:-1"},"canonical":"https:\/\/www.setram.com\/en\/internal-information-system-siif\/","og_locale":"en_US","og_type":"article","og_title":"Internal Information System (SIIF) - Log\u00edstica Automoci\u00f3n &amp; Campas Veh\u00edculos | SETRAM","og_description":"The SETRAM Group has implemented an Internal Information System (SIIF) that integrates its different internal information channels and is configured as the channel for diligently channeling communications on regulatory violations and non-compliance, with total protection of informants, without risk of retaliation and with the necessary protection measures in accordance with the provisions of Law 2\/2023, [&hellip;]","og_url":"https:\/\/www.setram.com\/en\/internal-information-system-siif\/","og_site_name":"Log\u00edstica Automoci\u00f3n &amp; Campas Veh\u00edculos | SETRAM","article_modified_time":"2025-12-18T16:49:05+00:00","twitter_card":"summary_large_image","twitter_site":"@_setram","twitter_misc":{"Est. reading time":"1 minute"},"schema":{"@context":"https:\/\/schema.org","@graph":[{"@type":"WebPage","@id":"https:\/\/www.setram.com\/en\/internal-information-system-siif\/","url":"https:\/\/www.setram.com\/en\/internal-information-system-siif\/","name":"Internal Information System (SIIF) - Log\u00edstica Automoci\u00f3n &amp; Campas Veh\u00edculos | SETRAM","isPartOf":{"@id":"https:\/\/www.setram.com\/en\/#website"},"datePublished":"2025-09-01T14:45:14+00:00","dateModified":"2025-12-18T16:49:05+00:00","breadcrumb":{"@id":"https:\/\/www.setram.com\/en\/internal-information-system-siif\/#breadcrumb"},"inLanguage":"en-US","potentialAction":[{"@type":"ReadAction","target":["https:\/\/www.setram.com\/en\/internal-information-system-siif\/"]}]},{"@type":"BreadcrumbList","@id":"https:\/\/www.setram.com\/en\/internal-information-system-siif\/#breadcrumb","itemListElement":[{"@type":"ListItem","position":1,"name":"Portada","item":"https:\/\/www.setram.com\/en\/"},{"@type":"ListItem","position":2,"name":"Internal Information System (SIIF)"}]},{"@type":"WebSite","@id":"https:\/\/www.setram.com\/en\/#website","url":"https:\/\/www.setram.com\/en\/","name":"Log\u00edstica Automoci\u00f3n & Campas Veh\u00edculos | SETRAM","description":"Operador Multimodal especializado en Log\u00edstica de Automoci\u00f3n con certificado Ambiental ISO. Comprometidos con el medio ambiente gracias a su gesti\u00f3n energ\u00e9tica.","publisher":{"@id":"https:\/\/www.setram.com\/en\/#organization"},"potentialAction":[{"@type":"SearchAction","target":{"@type":"EntryPoint","urlTemplate":"https:\/\/www.setram.com\/en\/?s={search_term_string}"},"query-input":{"@type":"PropertyValueSpecification","valueRequired":true,"valueName":"search_term_string"}}],"inLanguage":"en-US"},{"@type":"Organization","@id":"https:\/\/www.setram.com\/en\/#organization","name":"Log\u00edstica Automoci\u00f3n & Campas Veh\u00edculos | SETRAM","url":"https:\/\/www.setram.com\/en\/","logo":{"@type":"ImageObject","inLanguage":"en-US","@id":"https:\/\/www.setram.com\/en\/#\/schema\/logo\/image\/","url":"https:\/\/www.setram.com\/wp-content\/uploads\/2025\/05\/logo-setram.jpg","contentUrl":"https:\/\/www.setram.com\/wp-content\/uploads\/2025\/05\/logo-setram.jpg","width":484,"height":107,"caption":"Log\u00edstica Automoci\u00f3n & Campas Veh\u00edculos | SETRAM"},"image":{"@id":"https:\/\/www.setram.com\/en\/#\/schema\/logo\/image\/"},"sameAs":["https:\/\/x.com\/_setram","https:\/\/www.linkedin.com\/company\/setram-s-a-","https:\/\/www.youtube.com\/channel\/UC5j125Vd5dvi3ZCfMXBgNzg"]}]}},"_links":{"self":[{"href":"https:\/\/www.setram.com\/en\/wp-json\/wp\/v2\/pages\/10658","targetHints":{"allow":["GET"]}}],"collection":[{"href":"https:\/\/www.setram.com\/en\/wp-json\/wp\/v2\/pages"}],"about":[{"href":"https:\/\/www.setram.com\/en\/wp-json\/wp\/v2\/types\/page"}],"author":[{"embeddable":true,"href":"https:\/\/www.setram.com\/en\/wp-json\/wp\/v2\/users\/2"}],"replies":[{"embeddable":true,"href":"https:\/\/www.setram.com\/en\/wp-json\/wp\/v2\/comments?post=10658"}],"version-history":[{"count":1,"href":"https:\/\/www.setram.com\/en\/wp-json\/wp\/v2\/pages\/10658\/revisions"}],"predecessor-version":[{"id":10675,"href":"https:\/\/www.setram.com\/en\/wp-json\/wp\/v2\/pages\/10658\/revisions\/10675"}],"wp:attachment":[{"href":"https:\/\/www.setram.com\/en\/wp-json\/wp\/v2\/media?parent=10658"}],"curies":[{"name":"wp","href":"https:\/\/api.w.org\/{rel}","templated":true}]}}