{"id":11437,"date":"2026-03-18T09:59:45","date_gmt":"2026-03-18T08:59:45","guid":{"rendered":"https:\/\/nws.setram.com\/work-with-us\/"},"modified":"2026-03-18T10:50:18","modified_gmt":"2026-03-18T09:50:18","slug":"work-with-us","status":"publish","type":"page","link":"https:\/\/www.setram.com\/en\/work-with-us\/","title":{"rendered":"Work with us"},"content":{"rendered":"\t\t<div data-elementor-type=\"wp-page\" data-elementor-id=\"11437\" class=\"elementor elementor-11437 elementor-11388\" data-elementor-post-type=\"page\">\n\t\t\t\t<div class=\"elementor-element elementor-element-2911e0b e-flex e-con-boxed e-con e-parent\" data-id=\"2911e0b\" data-element_type=\"container\" data-e-type=\"container\" data-settings=\"{&quot;background_background&quot;:&quot;classic&quot;}\">\n\t\t\t\t\t<div class=\"e-con-inner\">\n\t\t<div class=\"elementor-element elementor-element-22b9ec2 e-con-full e-flex e-con e-child\" data-id=\"22b9ec2\" data-element_type=\"container\" data-e-type=\"container\">\n\t\t\t\t<div class=\"elementor-element elementor-element-524f5a4 elementor-widget elementor-widget-heading\" data-id=\"524f5a4\" data-element_type=\"widget\" data-e-type=\"widget\" data-widget_type=\"heading.default\">\n\t\t\t\t<div class=\"elementor-widget-container\">\n\t\t\t\t\t<h1 class=\"elementor-heading-title elementor-size-default\">Work with us<\/h1>\t\t\t\t<\/div>\n\t\t\t\t<\/div>\n\t\t\t\t<div class=\"elementor-element elementor-element-c5c60d9 elementor-widget elementor-widget-text-editor\" data-id=\"c5c60d9\" data-element_type=\"widget\" data-e-type=\"widget\" data-widget_type=\"text-editor.default\">\n\t\t\t\t<div class=\"elementor-widget-container\">\n\t\t\t\t\t\t\t\t\t<p>At SETRAM we are looking for committed people who want to be part of the leader in automotive logistics in Europe. Discover our opportunities and join a team that moves the future of the sector. <\/p>\t\t\t\t\t\t\t\t<\/div>\n\t\t\t\t<\/div>\n\t\t\t\t<\/div>\n\t\t<div class=\"elementor-element elementor-element-b8a0c48 e-con-full e-flex e-con e-child\" data-id=\"b8a0c48\" data-element_type=\"container\" data-e-type=\"container\" data-settings=\"{&quot;background_background&quot;:&quot;classic&quot;}\">\n\t\t<div class=\"elementor-element elementor-element-c2cfe9d e-con-full e-flex e-con e-child\" data-id=\"c2cfe9d\" data-element_type=\"container\" data-e-type=\"container\">\n\t\t\t\t<div class=\"elementor-element elementor-element-7ebff34 elementor-icon-list--layout-traditional elementor-list-item-link-full_width elementor-widget elementor-widget-icon-list\" data-id=\"7ebff34\" data-element_type=\"widget\" data-e-type=\"widget\" data-widget_type=\"icon-list.default\">\n\t\t\t\t<div class=\"elementor-widget-container\">\n\t\t\t\t\t\t\t<ul class=\"elementor-icon-list-items\">\n\t\t\t\t\t\t\t<li class=\"elementor-icon-list-item\">\n\t\t\t\t\t\t\t\t\t\t\t<a href=\"mailto:info@setram.com\">\n\n\t\t\t\t\t\t\t\t\t\t\t\t<span class=\"elementor-icon-list-icon\">\n\t\t\t\t\t\t\t<i aria-hidden=\"true\" class=\"mdi mdi-email-outline\"><\/i>\t\t\t\t\t\t<\/span>\n\t\t\t\t\t\t\t\t\t\t<span class=\"elementor-icon-list-text\">info@setram.com<\/span>\n\t\t\t\t\t\t\t\t\t\t\t<\/a>\n\t\t\t\t\t\t\t\t\t<\/li>\n\t\t\t\t\t\t<\/ul>\n\t\t\t\t\t\t<\/div>\n\t\t\t\t<\/div>\n\t\t\t\t<div class=\"elementor-element elementor-element-18adf35 elementor-icon-list--layout-traditional elementor-list-item-link-full_width elementor-widget elementor-widget-icon-list\" data-id=\"18adf35\" data-element_type=\"widget\" data-e-type=\"widget\" data-widget_type=\"icon-list.default\">\n\t\t\t\t<div class=\"elementor-widget-container\">\n\t\t\t\t\t\t\t<ul class=\"elementor-icon-list-items\">\n\t\t\t\t\t\t\t<li class=\"elementor-icon-list-item\">\n\t\t\t\t\t\t\t\t\t\t\t<a href=\"tel:34932895681\">\n\n\t\t\t\t\t\t\t\t\t\t\t\t<span class=\"elementor-icon-list-icon\">\n\t\t\t\t\t\t\t<i aria-hidden=\"true\" class=\"mdi mdi-phone-outline\"><\/i>\t\t\t\t\t\t<\/span>\n\t\t\t\t\t\t\t\t\t\t<span class=\"elementor-icon-list-text\">+34 932 895 681<\/span>\n\t\t\t\t\t\t\t\t\t\t\t<\/a>\n\t\t\t\t\t\t\t\t\t<\/li>\n\t\t\t\t\t\t<\/ul>\n\t\t\t\t\t\t<\/div>\n\t\t\t\t<\/div>\n\t\t\t\t<\/div>\n\t\t\t\t<div class=\"elementor-element elementor-element-9c2e79d elementor-button-align-center elementor-widget__width-initial elementor-widget-mobile__width-inherit elementor-widget elementor-widget-form\" data-id=\"9c2e79d\" data-element_type=\"widget\" data-e-type=\"widget\" data-settings=\"{&quot;step_next_label&quot;:&quot;Next&quot;,&quot;step_previous_label&quot;:&quot;Previous&quot;,&quot;button_width&quot;:&quot;100&quot;,&quot;step_type&quot;:&quot;number_text&quot;,&quot;step_icon_shape&quot;:&quot;circle&quot;}\" data-widget_type=\"form.default\">\n\t\t\t\t<div class=\"elementor-widget-container\">\n\t\t\t\t\t\t\t<form class=\"elementor-form\" method=\"post\" name=\"Contact Form\" aria-label=\"Contact Form\">\n\t\t\t<input type=\"hidden\" name=\"post_id\" value=\"11437\"\/>\n\t\t\t<input type=\"hidden\" name=\"form_id\" value=\"9c2e79d\"\/>\n\t\t\t<input type=\"hidden\" name=\"referer_title\" value=\"Log\u00edstica Automoci\u00f3n &amp; Campas Veh\u00edculos | SETRAM\" \/>\n\n\t\t\t\n\t\t\t<div class=\"elementor-form-fields-wrapper elementor-labels-above\">\n\t\t\t\t\t\t\t\t<div class=\"elementor-field-type-text elementor-field-group elementor-column elementor-field-group-name elementor-col-50 elementor-field-required\">\n\t\t\t\t\t\t\t\t\t\t\t\t<label for=\"form-field-name\" class=\"elementor-field-label\">\n\t\t\t\t\t\t\t\tName\t\t\t\t\t\t\t<\/label>\n\t\t\t\t\t\t\t\t\t\t\t\t\t\t<input size=\"1\" type=\"text\" name=\"form_fields[name]\" id=\"form-field-name\" class=\"elementor-field elementor-size-md  elementor-field-textual\" placeholder=\"Name* Name* Name* Name* Name\" required=\"required\">\n\t\t\t\t\t\t\t\t\t\t\t<\/div>\n\t\t\t\t\t\t\t\t<div class=\"elementor-field-type-text elementor-field-group elementor-column elementor-field-group-email elementor-col-50 elementor-field-required\">\n\t\t\t\t\t\t\t\t\t\t\t\t<label for=\"form-field-email\" class=\"elementor-field-label\">\n\t\t\t\t\t\t\t\tLast name\t\t\t\t\t\t\t<\/label>\n\t\t\t\t\t\t\t\t\t\t\t\t\t\t<input size=\"1\" type=\"text\" name=\"form_fields[email]\" id=\"form-field-email\" class=\"elementor-field elementor-size-md  elementor-field-textual\" placeholder=\"Last name* Last name\" required=\"required\">\n\t\t\t\t\t\t\t\t\t\t\t<\/div>\n\t\t\t\t\t\t\t\t<div class=\"elementor-field-type-text elementor-field-group elementor-column elementor-field-group-message elementor-col-50\">\n\t\t\t\t\t\t\t\t\t\t\t\t<label for=\"form-field-message\" class=\"elementor-field-label\">\n\t\t\t\t\t\t\t\tE-mail\t\t\t\t\t\t\t<\/label>\n\t\t\t\t\t\t\t\t\t\t\t\t\t\t<input size=\"1\" type=\"text\" name=\"form_fields[message]\" id=\"form-field-message\" class=\"elementor-field elementor-size-md  elementor-field-textual\" placeholder=\"E-mail\">\n\t\t\t\t\t\t\t\t\t\t\t<\/div>\n\t\t\t\t\t\t\t\t<div class=\"elementor-field-type-text elementor-field-group elementor-column elementor-field-group-field_efab28e elementor-col-50\">\n\t\t\t\t\t\t\t\t\t\t\t\t<label for=\"form-field-field_efab28e\" class=\"elementor-field-label\">\n\t\t\t\t\t\t\t\tPhone\t\t\t\t\t\t\t<\/label>\n\t\t\t\t\t\t\t\t\t\t\t\t\t\t<input size=\"1\" type=\"text\" name=\"form_fields[field_efab28e]\" id=\"form-field-field_efab28e\" class=\"elementor-field elementor-size-md  elementor-field-textual\" placeholder=\"Phone\">\n\t\t\t\t\t\t\t\t\t\t\t<\/div>\n\t\t\t\t\t\t\t\t<div class=\"elementor-field-type-upload elementor-field-group elementor-column elementor-field-group-field_d31caf0 elementor-col-100\">\n\t\t\t\t\t\t\t\t\t\t\t\t<label for=\"form-field-field_d31caf0\" class=\"elementor-field-label\">\n\t\t\t\t\t\t\t\tUpload CV\t\t\t\t\t\t\t<\/label>\n\t\t\t\t\t\t\t\t<input type=\"file\" name=\"form_fields[field_d31caf0]\" id=\"form-field-field_d31caf0\" class=\"elementor-field elementor-size-md  elementor-upload-field\">\n\n\t\t\t\t\t\t<\/div>\n\t\t\t\t\t\t\t\t<div class=\"elementor-field-type-text\">\n\t\t\t\t\t<input size=\"1\" type=\"text\" name=\"form_fields[field_b189036]\" id=\"form-field-field_b189036\" class=\"elementor-field elementor-size-md \" style=\"display:none !important;\">\t\t\t\t<\/div>\n\t\t\t\t\t\t\t\t<div class=\"elementor-field-type-acceptance elementor-field-group elementor-column elementor-field-group-field_c92236e elementor-col-100\">\n\t\t\t\t\t\t\t<div class=\"elementor-field-subgroup\">\n\t\t\t<span class=\"elementor-field-option\">\n\t\t\t\t<input type=\"checkbox\" name=\"form_fields[field_c92236e]\" id=\"form-field-field_c92236e\" class=\"elementor-field elementor-size-md  elementor-acceptance-field\">\n\t\t\t\t<label for=\"form-field-field_c92236e\"><span style=\"font-size: 16px;  \">I have read and accept SETRAM's <a href=\"\" style=\"color: #333; text-decoration: underline;\">privacy policy.<\/a> <\/span><\/label>\t\t\t<\/span>\n\t\t<\/div>\n\t\t\t\t\t\t<\/div>\n\t\t\t\t\t\t\t\t<div class=\"elementor-field-group elementor-column elementor-field-type-submit elementor-col-100 e-form__buttons\">\n\t\t\t\t\t<button class=\"elementor-button elementor-size-md\" type=\"submit\" id=\"btn-form-setram\">\n\t\t\t\t\t\t<span class=\"elementor-button-content-wrapper\">\n\t\t\t\t\t\t\t\t\t\t\t\t\t\t\t\t\t\t\t\t\t\t<span class=\"elementor-button-text\">SEND<\/span>\n\t\t\t\t\t\t\t\t\t\t\t\t\t<\/span>\n\t\t\t\t\t<\/button>\n\t\t\t\t<\/div>\n\t\t\t<\/div>\n\t\t<\/form>\n\t\t\t\t\t\t<\/div>\n\t\t\t\t<\/div>\n\t\t\t\t<\/div>\n\t\t\t\t\t<\/div>\n\t\t\t\t<\/div>\n\t\t\t\t<\/div>\n\t\t","protected":false},"excerpt":{"rendered":"<p>Work with us At SETRAM we are looking for committed people who want to be part of the leader in automotive logistics in Europe. Discover our opportunities and join a team that moves the future of the sector. info@setram.com +34 932 895 681<\/p>\n","protected":false},"author":3,"featured_media":0,"parent":0,"menu_order":0,"comment_status":"closed","ping_status":"closed","template":"","meta":{"_acf_changed":false,"_yoast_wpseo_title":"","_yoast_wpseo_metadesc":"","footnotes":""},"class_list":["post-11437","page","type-page","status-publish","hentry"],"acf":[],"yoast_head":"<!-- This site is optimized with the Yoast SEO plugin v27.5 - https:\/\/yoast.com\/product\/yoast-seo-wordpress\/ -->\n<title>Work with us - Log\u00edstica Automoci\u00f3n &amp; Campas Veh\u00edculos | SETRAM<\/title>\n<meta name=\"robots\" content=\"index, follow, max-snippet:-1, max-image-preview:large, max-video-preview:-1\" \/>\n<link rel=\"canonical\" href=\"https:\/\/www.setram.com\/en\/work-with-us\/\" \/>\n<meta property=\"og:locale\" content=\"en_US\" \/>\n<meta property=\"og:type\" content=\"article\" \/>\n<meta property=\"og:title\" content=\"Work with us - Log\u00edstica Automoci\u00f3n &amp; Campas Veh\u00edculos | SETRAM\" \/>\n<meta property=\"og:description\" content=\"Work with us At SETRAM we are looking for committed people who want to be part of the leader in automotive logistics in Europe. Discover our opportunities and join a team that moves the future of the sector. info@setram.com +34 932 895 681\" \/>\n<meta property=\"og:url\" content=\"https:\/\/www.setram.com\/en\/work-with-us\/\" \/>\n<meta property=\"og:site_name\" content=\"Log\u00edstica Automoci\u00f3n &amp; Campas Veh\u00edculos | SETRAM\" \/>\n<meta property=\"article:modified_time\" content=\"2026-03-18T09:50:18+00:00\" \/>\n<meta name=\"twitter:card\" content=\"summary_large_image\" \/>\n<meta name=\"twitter:site\" content=\"@_setram\" \/>\n<script type=\"application\/ld+json\" class=\"yoast-schema-graph\">{\"@context\":\"https:\\\/\\\/schema.org\",\"@graph\":[{\"@type\":\"WebPage\",\"@id\":\"https:\\\/\\\/www.setram.com\\\/en\\\/work-with-us\\\/\",\"url\":\"https:\\\/\\\/www.setram.com\\\/en\\\/work-with-us\\\/\",\"name\":\"Work with us - Log\u00edstica Automoci\u00f3n &amp; Campas Veh\u00edculos | SETRAM\",\"isPartOf\":{\"@id\":\"https:\\\/\\\/www.setram.com\\\/en\\\/#website\"},\"datePublished\":\"2026-03-18T08:59:45+00:00\",\"dateModified\":\"2026-03-18T09:50:18+00:00\",\"breadcrumb\":{\"@id\":\"https:\\\/\\\/www.setram.com\\\/en\\\/work-with-us\\\/#breadcrumb\"},\"inLanguage\":\"en-US\",\"potentialAction\":[{\"@type\":\"ReadAction\",\"target\":[\"https:\\\/\\\/www.setram.com\\\/en\\\/work-with-us\\\/\"]}]},{\"@type\":\"BreadcrumbList\",\"@id\":\"https:\\\/\\\/www.setram.com\\\/en\\\/work-with-us\\\/#breadcrumb\",\"itemListElement\":[{\"@type\":\"ListItem\",\"position\":1,\"name\":\"Portada\",\"item\":\"https:\\\/\\\/www.setram.com\\\/en\\\/\"},{\"@type\":\"ListItem\",\"position\":2,\"name\":\"Work with us\"}]},{\"@type\":\"WebSite\",\"@id\":\"https:\\\/\\\/www.setram.com\\\/en\\\/#website\",\"url\":\"https:\\\/\\\/www.setram.com\\\/en\\\/\",\"name\":\"Log\u00edstica Automoci\u00f3n & Campas Veh\u00edculos | SETRAM\",\"description\":\"Operador Multimodal especializado en Log\u00edstica de Automoci\u00f3n con certificado Ambiental ISO. Comprometidos con el medio ambiente gracias a su gesti\u00f3n energ\u00e9tica.\",\"publisher\":{\"@id\":\"https:\\\/\\\/www.setram.com\\\/en\\\/#organization\"},\"potentialAction\":[{\"@type\":\"SearchAction\",\"target\":{\"@type\":\"EntryPoint\",\"urlTemplate\":\"https:\\\/\\\/www.setram.com\\\/en\\\/?s={search_term_string}\"},\"query-input\":{\"@type\":\"PropertyValueSpecification\",\"valueRequired\":true,\"valueName\":\"search_term_string\"}}],\"inLanguage\":\"en-US\"},{\"@type\":\"Organization\",\"@id\":\"https:\\\/\\\/www.setram.com\\\/en\\\/#organization\",\"name\":\"Log\u00edstica Automoci\u00f3n & Campas Veh\u00edculos | SETRAM\",\"url\":\"https:\\\/\\\/www.setram.com\\\/en\\\/\",\"logo\":{\"@type\":\"ImageObject\",\"inLanguage\":\"en-US\",\"@id\":\"https:\\\/\\\/www.setram.com\\\/en\\\/#\\\/schema\\\/logo\\\/image\\\/\",\"url\":\"https:\\\/\\\/www.setram.com\\\/wp-content\\\/uploads\\\/2025\\\/05\\\/logo-setram.jpg\",\"contentUrl\":\"https:\\\/\\\/www.setram.com\\\/wp-content\\\/uploads\\\/2025\\\/05\\\/logo-setram.jpg\",\"width\":484,\"height\":107,\"caption\":\"Log\u00edstica Automoci\u00f3n & Campas Veh\u00edculos | SETRAM\"},\"image\":{\"@id\":\"https:\\\/\\\/www.setram.com\\\/en\\\/#\\\/schema\\\/logo\\\/image\\\/\"},\"sameAs\":[\"https:\\\/\\\/x.com\\\/_setram\",\"https:\\\/\\\/www.linkedin.com\\\/company\\\/setram-s-a-\",\"https:\\\/\\\/www.youtube.com\\\/channel\\\/UC5j125Vd5dvi3ZCfMXBgNzg\"]}]}<\/script>\n<!-- \/ Yoast SEO plugin. -->","yoast_head_json":{"title":"Work with us - Log\u00edstica Automoci\u00f3n &amp; Campas Veh\u00edculos | SETRAM","robots":{"index":"index","follow":"follow","max-snippet":"max-snippet:-1","max-image-preview":"max-image-preview:large","max-video-preview":"max-video-preview:-1"},"canonical":"https:\/\/www.setram.com\/en\/work-with-us\/","og_locale":"en_US","og_type":"article","og_title":"Work with us - Log\u00edstica Automoci\u00f3n &amp; Campas Veh\u00edculos | SETRAM","og_description":"Work with us At SETRAM we are looking for committed people who want to be part of the leader in automotive logistics in Europe. Discover our opportunities and join a team that moves the future of the sector. info@setram.com +34 932 895 681","og_url":"https:\/\/www.setram.com\/en\/work-with-us\/","og_site_name":"Log\u00edstica Automoci\u00f3n &amp; Campas Veh\u00edculos | SETRAM","article_modified_time":"2026-03-18T09:50:18+00:00","twitter_card":"summary_large_image","twitter_site":"@_setram","schema":{"@context":"https:\/\/schema.org","@graph":[{"@type":"WebPage","@id":"https:\/\/www.setram.com\/en\/work-with-us\/","url":"https:\/\/www.setram.com\/en\/work-with-us\/","name":"Work with us - Log\u00edstica Automoci\u00f3n &amp; Campas Veh\u00edculos | SETRAM","isPartOf":{"@id":"https:\/\/www.setram.com\/en\/#website"},"datePublished":"2026-03-18T08:59:45+00:00","dateModified":"2026-03-18T09:50:18+00:00","breadcrumb":{"@id":"https:\/\/www.setram.com\/en\/work-with-us\/#breadcrumb"},"inLanguage":"en-US","potentialAction":[{"@type":"ReadAction","target":["https:\/\/www.setram.com\/en\/work-with-us\/"]}]},{"@type":"BreadcrumbList","@id":"https:\/\/www.setram.com\/en\/work-with-us\/#breadcrumb","itemListElement":[{"@type":"ListItem","position":1,"name":"Portada","item":"https:\/\/www.setram.com\/en\/"},{"@type":"ListItem","position":2,"name":"Work with us"}]},{"@type":"WebSite","@id":"https:\/\/www.setram.com\/en\/#website","url":"https:\/\/www.setram.com\/en\/","name":"Log\u00edstica Automoci\u00f3n & Campas Veh\u00edculos | SETRAM","description":"Operador Multimodal especializado en Log\u00edstica de Automoci\u00f3n con certificado Ambiental ISO. Comprometidos con el medio ambiente gracias a su gesti\u00f3n energ\u00e9tica.","publisher":{"@id":"https:\/\/www.setram.com\/en\/#organization"},"potentialAction":[{"@type":"SearchAction","target":{"@type":"EntryPoint","urlTemplate":"https:\/\/www.setram.com\/en\/?s={search_term_string}"},"query-input":{"@type":"PropertyValueSpecification","valueRequired":true,"valueName":"search_term_string"}}],"inLanguage":"en-US"},{"@type":"Organization","@id":"https:\/\/www.setram.com\/en\/#organization","name":"Log\u00edstica Automoci\u00f3n & Campas Veh\u00edculos | SETRAM","url":"https:\/\/www.setram.com\/en\/","logo":{"@type":"ImageObject","inLanguage":"en-US","@id":"https:\/\/www.setram.com\/en\/#\/schema\/logo\/image\/","url":"https:\/\/www.setram.com\/wp-content\/uploads\/2025\/05\/logo-setram.jpg","contentUrl":"https:\/\/www.setram.com\/wp-content\/uploads\/2025\/05\/logo-setram.jpg","width":484,"height":107,"caption":"Log\u00edstica Automoci\u00f3n & Campas Veh\u00edculos | SETRAM"},"image":{"@id":"https:\/\/www.setram.com\/en\/#\/schema\/logo\/image\/"},"sameAs":["https:\/\/x.com\/_setram","https:\/\/www.linkedin.com\/company\/setram-s-a-","https:\/\/www.youtube.com\/channel\/UC5j125Vd5dvi3ZCfMXBgNzg"]}]}},"_links":{"self":[{"href":"https:\/\/www.setram.com\/en\/wp-json\/wp\/v2\/pages\/11437","targetHints":{"allow":["GET"]}}],"collection":[{"href":"https:\/\/www.setram.com\/en\/wp-json\/wp\/v2\/pages"}],"about":[{"href":"https:\/\/www.setram.com\/en\/wp-json\/wp\/v2\/types\/page"}],"author":[{"embeddable":true,"href":"https:\/\/www.setram.com\/en\/wp-json\/wp\/v2\/users\/3"}],"replies":[{"embeddable":true,"href":"https:\/\/www.setram.com\/en\/wp-json\/wp\/v2\/comments?post=11437"}],"version-history":[{"count":1,"href":"https:\/\/www.setram.com\/en\/wp-json\/wp\/v2\/pages\/11437\/revisions"}],"predecessor-version":[{"id":11438,"href":"https:\/\/www.setram.com\/en\/wp-json\/wp\/v2\/pages\/11437\/revisions\/11438"}],"wp:attachment":[{"href":"https:\/\/www.setram.com\/en\/wp-json\/wp\/v2\/media?parent=11437"}],"curies":[{"name":"wp","href":"https:\/\/api.w.org\/{rel}","templated":true}]}}